{"id":17685,"date":"2024-04-16T02:41:00","date_gmt":"2024-04-16T02:41:00","guid":{"rendered":"https:\/\/new-tek.ch\/fallstudien\/"},"modified":"2025-05-09T13:25:12","modified_gmt":"2025-05-09T13:25:12","slug":"fallstudien","status":"publish","type":"page","link":"https:\/\/new-tek.ch\/de\/fallstudien\/","title":{"rendered":"Fallstudien"},"content":{"rendered":"\t\t<div data-elementor-type=\"wp-page\" data-elementor-id=\"17685\" class=\"elementor elementor-17685 elementor-188\">\n\t\t\t\t        <section class=\"elementor-section elementor-top-section elementor-element elementor-element-88729dd elementor-section-stretched elementor-section-boxed elementor-section-height-default elementor-section-height-default pxl-row-scroll-none pxl-zoom-point-false pxl-section-overflow-visible\" data-id=\"88729dd\" data-element_type=\"section\" data-settings=\"{&quot;stretch_section&quot;:&quot;section-stretched&quot;,&quot;background_background&quot;:&quot;classic&quot;}\">\n\n                            <div class=\"elementor-background-overlay\"><\/div>\n            \n                <div class=\"elementor-container elementor-column-gap-extended \">\n                <div class=\"elementor-column elementor-col-100 elementor-top-column elementor-element elementor-element-28cd8c7 pxl-column-none pxl-column-overflow-hidden-no\" data-id=\"28cd8c7\" data-element_type=\"column\">\r\n        <div class=\"elementor-widget-wrap elementor-element-populated\">\r\n                     \r\n        \t\t<div class=\"elementor-element elementor-element-17673d6 elementor-widget elementor-widget-pxl_heading\" data-id=\"17673d6\" data-element_type=\"widget\" data-widget_type=\"pxl_heading.default\">\n\t\t\t\t<div class=\"elementor-widget-container\">\n\t\t\t\t\t\n<div id=\"pxl-pxl_heading-17673d6-5953\" class=\"pxl-heading px-sub-title-default-style \">\n\t<div class=\"pxl-heading--inner\">\n\t\t\n\t\t<h3 class=\"pxl-item--title style-default ft-gt highlight-default \" data-wow-delay=\"ms\">\n\t\t\t\t\t\t\tFallstudien\t\n\t\t\t\t\n\t\t<\/h3>\n\t\t\n\t<\/div>\n<\/div>\t\t\t\t<\/div>\n\t\t\t\t<\/div>\n\t\t\t\t<div class=\"elementor-element elementor-element-9f49874 elementor-widget elementor-widget-pxl_text_editor\" data-id=\"9f49874\" data-element_type=\"widget\" data-widget_type=\"pxl_text_editor.default\">\n\t\t\t\t<div class=\"elementor-widget-container\">\n\t\t\t\t\t<div class=\"pxl-text-editor\">\n\t<div class=\"pxl-item--inner  \" data-wow-delay=\"ms\">\n\t\t<p>Strategische Projekte, ma\u00dfgeschneiderte L\u00f6sungen und messbare Auswirkungen: Unsere Fallstudien belegen unsere F\u00e4higkeit, jeden Kunden bei seinem Wachstum und seiner Transformation zu unterst\u00fctzen. Erfahren Sie, wie Newtek bei jeder Mission einen Mehrwert schafft.<\/p>\t\t\n\t<\/div>\n<\/div>\t\t\t\t<\/div>\n\t\t\t\t<\/div>\n\t\t\t\t<div class=\"elementor-element elementor-element-0701e67 elementor-widget-divider--view-line elementor-widget elementor-widget-divider\" data-id=\"0701e67\" data-element_type=\"widget\" data-widget_type=\"divider.default\">\n\t\t\t\t<div class=\"elementor-widget-container\">\n\t\t\t\t\t\t\t<div class=\"elementor-divider\">\n\t\t\t<span class=\"elementor-divider-separator\">\n\t\t\t\t\t\t<\/span>\n\t\t<\/div>\n\t\t\t\t\t\t<\/div>\n\t\t\t\t<\/div>\n\t\t\t\t<div class=\"elementor-element elementor-element-8e7f985 elementor-widget elementor-widget-pxl_breadcrumb\" data-id=\"8e7f985\" data-element_type=\"widget\" data-widget_type=\"pxl_breadcrumb.default\">\n\t\t\t\t<div class=\"elementor-widget-container\">\n\t\t\t\t\t<div class=\"pxl-breadcrumb-wrap\">\n\t<ul class=\"pxl-breadcrumb\"><li><span class=\"breadcrumb-entry\">Startseite<\/span><\/li><\/ul><\/div>\t\t\t\t<\/div>\n\t\t\t\t<\/div>\n\t\t            <\/div>\r\n        <\/div>\r\n        \t\t\t<\/div>\n\t\t<\/section>\n\t\t        <section class=\"elementor-section elementor-top-section elementor-element elementor-element-ee19bf8 elementor-section-stretched elementor-section-boxed elementor-section-height-default elementor-section-height-default pxl-row-scroll-none pxl-zoom-point-false pxl-section-overflow-visible\" data-id=\"ee19bf8\" data-element_type=\"section\" data-settings=\"{&quot;stretch_section&quot;:&quot;section-stretched&quot;}\">\n\n                \n                <div class=\"elementor-container elementor-column-gap-extended \">\n                <div class=\"elementor-column elementor-col-100 elementor-top-column elementor-element elementor-element-ea87963 pxl-column-none pxl-column-overflow-hidden-no\" data-id=\"ea87963\" data-element_type=\"column\">\r\n        <div class=\"elementor-widget-wrap elementor-element-populated\">\r\n                     \r\n        \t\t<div class=\"elementor-element elementor-element-3348a34 pxl-post-layout-portfolio-2 elementor-widget elementor-widget-pxl_post_grid\" data-id=\"3348a34\" data-element_type=\"widget\" data-widget_type=\"pxl_post_grid.default\">\n\t\t\t\t<div class=\"elementor-widget-container\">\n\t\t\t\t\t\n<div id=\"pxl_post_grid-3348a34-8189\" class=\"pxl-grid pxl-portfolio-grid pxl-portfolio-grid-layout2 pxl-portfolio-style2\" data-start-page=\"1\" data-max-pages=\"2\" data-total=\"7\" data-perpage=\"6\" data-next-link=\"https:\/\/new-tek.ch\/de\/wp-json\/wp\/v2\/pages\/17685\/page\/2\/\" data-loadmore=\"{&quot;tax&quot;:[&quot;portfolio-category&quot;],&quot;post_type&quot;:&quot;portfolio&quot;,&quot;layout&quot;:&quot;portfolio-2&quot;,&quot;startPage&quot;:1,&quot;maxPages&quot;:2,&quot;total&quot;:7,&quot;filter&quot;:&quot;true&quot;,&quot;filter_type&quot;:&quot;normal&quot;,&quot;perpage&quot;:6,&quot;nextLink&quot;:&quot;https:\\\/\\\/new-tek.ch\\\/de\\\/wp-json\\\/wp\\\/v2\\\/pages\\\/17685\\\/page\\\/2\\\/&quot;,&quot;source&quot;:&quot;&quot;,&quot;orderby&quot;:&quot;ID&quot;,&quot;order&quot;:&quot;desc&quot;,&quot;limit&quot;:6,&quot;post_ids&quot;:[],&quot;col_xl&quot;:4,&quot;col_lg&quot;:4,&quot;col_md&quot;:6,&quot;col_sm&quot;:6,&quot;col_xs&quot;:12,&quot;pagination_type&quot;:&quot;loadmore&quot;,&quot;show_category&quot;:&quot;true&quot;,&quot;show_button&quot;:&quot;true&quot;,&quot;num_words&quot;:15,&quot;show_excerpt&quot;:&quot;true&quot;,&quot;button_text&quot;:&quot;&quot;,&quot;img_size&quot;:&quot;410x509&quot;,&quot;grid_masonry&quot;:&quot;&quot;,&quot;pxl_animate&quot;:&quot;&quot;}\" data-layout=\"fitRows\">\n            <div class=\"pxl-grid-filter\">\n            <div class=\"pxl--filter-inner\">\n                <span class=\"filter-item active\" data-filter=\"*\">\n                    Alle F\u00e4lle                    <span class=\"filter-item-count\">\n                        6                    <\/span> \n                <\/span>\n                                        <span class=\"filter-item\" data-filter=\".e-commerce-de\">\n                            E-commerce                            <span class=\"filter-item-count\">\n                                2                            <\/span> \n                        <\/span>\n                                                            <span class=\"filter-item\" data-filter=\".erweiterung\">\n                            Erweiterung                            <span class=\"filter-item-count\">\n                                2                            <\/span> \n                        <\/span>\n                                                            <span class=\"filter-item\" data-filter=\".strategie-de\">\n                            Strategie                            <span class=\"filter-item-count\">\n                                2                            <\/span> \n                        <\/span>\n                                                <\/div>\n        <\/div>\n    \n    <div class=\"pxl-grid-inner pxl-grid-masonry row\" data-gutter=\"15\">\n        <div class=\"grid-sizer col-xl-4 col-lg-4 col-md-6 col-sm-6 col-12\"><\/div>\n                        <div class=\"pxl-grid-item col-xl-4 col-lg-4 col-md-6 col-sm-6 col-12 erweiterung\">\n                    <div class=\"pxl-post--inner \" data-wow-duration=\"1.2s\">\n                        <div class=\"pxl-post--featured hover-imge-effect3\"><img fetchpriority=\"high\" decoding=\"async\" class=\"no-lazyload \" src=\"https:\/\/new-tek.ch\/wp-content\/uploads\/2026\/03\/colorful-candies-jelly-marmalade-top-view-scaled-410x509.jpg\" width=\"410\" height=\"509\" alt=\"Colorful candies, jelly and marmalade on dark grey background,top view\" title=\"Colorful candies, jelly and marmalade on dark grey background,top view\" \/><\/div>\n                        <div class=\"pxl-post--holder\">\n                                                            <div class=\"pxl-post--category\">\n                                    <a href=\"https:\/\/new-tek.ch\/de\/portfolio\/erweiterung\/\" rel=\"tag\">Erweiterung<\/a>                                <\/div>\n                                                        <h5 class=\"pxl-post--title\">\n                                <a href=\"https:\/\/new-tek.ch\/de\/portfolio\/gruendung-und-entwicklung-eines-neuen-unternehmens-in-der-schweiz\/\">   \n                                    Gr\u00fcndung und Entwicklung eines neuen Unternehmens in der Schweiz                                <\/a>\n                            <\/h5>\n                                                            <div class=\"pxl-post--content\">\n                                                                                                                                                <\/div>\n                                                        <a class=\"btn--readmore\" href=\"https:\/\/new-tek.ch\/de\/portfolio\/gruendung-und-entwicklung-eines-neuen-unternehmens-in-der-schweiz\/\">\n                                <span class=\"btn--text\">\n                                    Mehr lesen                                <\/span>\n                                <svg xmlns=\"http:\/\/www.w3.org\/2000\/svg\" xmlns:xlink=\"http:\/\/www.w3.org\/1999\/xlink\" width=\"32\" x=\"0\" y=\"0\" viewBox=\"0 0 1560 1560\" style=\"enable-background:new 0 0 512 512\" xml:space=\"preserve\" class=\"\"><g transform=\"matrix(1,0,0,1,4.999999999999545,4.547473508864641e-13)\"><path d=\"M1524 811.8H36c-17.7 0-32-14.3-32-32s14.3-32 32-32h1410.7l-194.2-194.2c-12.5-12.5-12.5-32.8 0-45.3s32.8-12.5 45.3 0l248.9 248.9c9.2 9.2 11.9 22.9 6.9 34.9-5 11.9-16.7 19.7-29.6 19.7z\" fill=\"#0a1119\" opacity=\"1\" data-original=\"#000000\"><\/path><path d=\"M1274.8 1061c-8.2 0-16.4-3.1-22.6-9.4-12.5-12.5-12.5-32.8 0-45.3l249.2-249.2c12.5-12.5 32.8-12.5 45.3 0s12.5 32.8 0 45.3l-249.2 249.2c-6.3 6.3-14.5 9.4-22.7 9.4z\" fill=\"#0a1119\" opacity=\"1\" data-original=\"#000000\"><\/path><\/g><\/svg>\n                            <\/a>\n                        <\/div>\n                        \n                    <\/div>\n                <\/div>\n                                    <div class=\"pxl-grid-item col-xl-4 col-lg-4 col-md-6 col-sm-6 col-12 strategie-de\">\n                    <div class=\"pxl-post--inner \" data-wow-duration=\"1.2s\">\n                        <div class=\"pxl-post--featured hover-imge-effect3\"><img decoding=\"async\" class=\"no-lazyload \" src=\"https:\/\/new-tek.ch\/wp-content\/uploads\/2024\/06\/pexels-jack-sparrow-4199524-scaled-410x509.jpg\" width=\"410\" height=\"509\" alt=\"pexels-jack-sparrow-4199524\" title=\"pexels-jack-sparrow-4199524\" \/><\/div>\n                        <div class=\"pxl-post--holder\">\n                                                            <div class=\"pxl-post--category\">\n                                    <a href=\"https:\/\/new-tek.ch\/de\/portfolio\/strategie-de\/\" rel=\"tag\">Strategie<\/a>                                <\/div>\n                                                        <h5 class=\"pxl-post--title\">\n                                <a href=\"https:\/\/new-tek.ch\/de\/portfolio\/entwicklung-neuer-kategorien-im-einzelhandel\/\">   \n                                    Entwicklung neuer Kategorien im Retail                                <\/a>\n                            <\/h5>\n                                                            <div class=\"pxl-post--content\">\n                                                                            Unser Kunde, ein gro\u00dfes Schweizer Einzelhandelsunternehmen, wollte sein Angebot durch die Entwicklung...                                                                    <\/div>\n                                                        <a class=\"btn--readmore\" href=\"https:\/\/new-tek.ch\/de\/portfolio\/entwicklung-neuer-kategorien-im-einzelhandel\/\">\n                                <span class=\"btn--text\">\n                                    Mehr lesen                                <\/span>\n                                <svg xmlns=\"http:\/\/www.w3.org\/2000\/svg\" xmlns:xlink=\"http:\/\/www.w3.org\/1999\/xlink\" width=\"32\" x=\"0\" y=\"0\" viewBox=\"0 0 1560 1560\" style=\"enable-background:new 0 0 512 512\" xml:space=\"preserve\" class=\"\"><g transform=\"matrix(1,0,0,1,4.999999999999545,4.547473508864641e-13)\"><path d=\"M1524 811.8H36c-17.7 0-32-14.3-32-32s14.3-32 32-32h1410.7l-194.2-194.2c-12.5-12.5-12.5-32.8 0-45.3s32.8-12.5 45.3 0l248.9 248.9c9.2 9.2 11.9 22.9 6.9 34.9-5 11.9-16.7 19.7-29.6 19.7z\" fill=\"#0a1119\" opacity=\"1\" data-original=\"#000000\"><\/path><path d=\"M1274.8 1061c-8.2 0-16.4-3.1-22.6-9.4-12.5-12.5-12.5-32.8 0-45.3l249.2-249.2c12.5-12.5 32.8-12.5 45.3 0s12.5 32.8 0 45.3l-249.2 249.2c-6.3 6.3-14.5 9.4-22.7 9.4z\" fill=\"#0a1119\" opacity=\"1\" data-original=\"#000000\"><\/path><\/g><\/svg>\n                            <\/a>\n                        <\/div>\n                        \n                    <\/div>\n                <\/div>\n                                    <div class=\"pxl-grid-item col-xl-4 col-lg-4 col-md-6 col-sm-6 col-12 strategie-de\">\n                    <div class=\"pxl-post--inner \" data-wow-duration=\"1.2s\">\n                        <div class=\"pxl-post--featured hover-imge-effect3\"><img decoding=\"async\" class=\"no-lazyload \" src=\"https:\/\/new-tek.ch\/wp-content\/uploads\/2024\/06\/iStock-1313808862-scaled-410x509.jpg\" width=\"410\" height=\"509\" alt=\"Speak it like you mean it\" title=\"Shot of a businessman delivering a presentation to his coworkers in the boardroom of a modern office\" \/><\/div>\n                        <div class=\"pxl-post--holder\">\n                                                            <div class=\"pxl-post--category\">\n                                    <a href=\"https:\/\/new-tek.ch\/de\/portfolio\/strategie-de\/\" rel=\"tag\">Strategie<\/a>                                <\/div>\n                                                        <h5 class=\"pxl-post--title\">\n                                <a href=\"https:\/\/new-tek.ch\/de\/portfolio\/projektmanagement\/\">   \n                                    Projektleitung                                <\/a>\n                            <\/h5>\n                                                            <div class=\"pxl-post--content\">\n                                                                            Unser Kunde, ein gro\u00dfes Einzelhandelsunternehmen in der Schweiz, m\u00f6chte seine Online-Produktpalette erweitern und exklusive \u00abweb&hellip;                                                                    <\/div>\n                                                        <a class=\"btn--readmore\" href=\"https:\/\/new-tek.ch\/de\/portfolio\/projektmanagement\/\">\n                                <span class=\"btn--text\">\n                                    Mehr lesen                                <\/span>\n                                <svg xmlns=\"http:\/\/www.w3.org\/2000\/svg\" xmlns:xlink=\"http:\/\/www.w3.org\/1999\/xlink\" width=\"32\" x=\"0\" y=\"0\" viewBox=\"0 0 1560 1560\" style=\"enable-background:new 0 0 512 512\" xml:space=\"preserve\" class=\"\"><g transform=\"matrix(1,0,0,1,4.999999999999545,4.547473508864641e-13)\"><path d=\"M1524 811.8H36c-17.7 0-32-14.3-32-32s14.3-32 32-32h1410.7l-194.2-194.2c-12.5-12.5-12.5-32.8 0-45.3s32.8-12.5 45.3 0l248.9 248.9c9.2 9.2 11.9 22.9 6.9 34.9-5 11.9-16.7 19.7-29.6 19.7z\" fill=\"#0a1119\" opacity=\"1\" data-original=\"#000000\"><\/path><path d=\"M1274.8 1061c-8.2 0-16.4-3.1-22.6-9.4-12.5-12.5-12.5-32.8 0-45.3l249.2-249.2c12.5-12.5 32.8-12.5 45.3 0s12.5 32.8 0 45.3l-249.2 249.2c-6.3 6.3-14.5 9.4-22.7 9.4z\" fill=\"#0a1119\" opacity=\"1\" data-original=\"#000000\"><\/path><\/g><\/svg>\n                            <\/a>\n                        <\/div>\n                        \n                    <\/div>\n                <\/div>\n                                    <div class=\"pxl-grid-item col-xl-4 col-lg-4 col-md-6 col-sm-6 col-12 e-commerce-de\">\n                    <div class=\"pxl-post--inner \" data-wow-duration=\"1.2s\">\n                        <div class=\"pxl-post--featured hover-imge-effect3\"><img loading=\"lazy\" decoding=\"async\" class=\"no-lazyload \" src=\"https:\/\/new-tek.ch\/wp-content\/uploads\/2024\/06\/pexels-valeriya-1484516-scaled-410x509.jpg\" width=\"410\" height=\"509\" alt=\"pexels-valeriya-1484516\" title=\"pexels-valeriya-1484516\" \/><\/div>\n                        <div class=\"pxl-post--holder\">\n                                                            <div class=\"pxl-post--category\">\n                                    <a href=\"https:\/\/new-tek.ch\/de\/portfolio\/e-commerce-de\/\" rel=\"tag\">E-commerce<\/a>                                <\/div>\n                                                        <h5 class=\"pxl-post--title\">\n                                <a href=\"https:\/\/new-tek.ch\/de\/portfolio\/redesign-und-content-erstellung-fuer-eine-restaurant-website\/\">   \n                                    \u00dcberarbeitung und Erstellung von Inhalten f\u00fcr die Website eines Restaurants                                <\/a>\n                            <\/h5>\n                                                            <div class=\"pxl-post--content\">\n                                                                            Unser Kunde, ein KMU aus der Region, wollte seine Website modernisieren, um die Identit\u00e4t seiner&hellip;                                                                    <\/div>\n                                                        <a class=\"btn--readmore\" href=\"https:\/\/new-tek.ch\/de\/portfolio\/redesign-und-content-erstellung-fuer-eine-restaurant-website\/\">\n                                <span class=\"btn--text\">\n                                    Mehr lesen                                <\/span>\n                                <svg xmlns=\"http:\/\/www.w3.org\/2000\/svg\" xmlns:xlink=\"http:\/\/www.w3.org\/1999\/xlink\" width=\"32\" x=\"0\" y=\"0\" viewBox=\"0 0 1560 1560\" style=\"enable-background:new 0 0 512 512\" xml:space=\"preserve\" class=\"\"><g transform=\"matrix(1,0,0,1,4.999999999999545,4.547473508864641e-13)\"><path d=\"M1524 811.8H36c-17.7 0-32-14.3-32-32s14.3-32 32-32h1410.7l-194.2-194.2c-12.5-12.5-12.5-32.8 0-45.3s32.8-12.5 45.3 0l248.9 248.9c9.2 9.2 11.9 22.9 6.9 34.9-5 11.9-16.7 19.7-29.6 19.7z\" fill=\"#0a1119\" opacity=\"1\" data-original=\"#000000\"><\/path><path d=\"M1274.8 1061c-8.2 0-16.4-3.1-22.6-9.4-12.5-12.5-12.5-32.8 0-45.3l249.2-249.2c12.5-12.5 32.8-12.5 45.3 0s12.5 32.8 0 45.3l-249.2 249.2c-6.3 6.3-14.5 9.4-22.7 9.4z\" fill=\"#0a1119\" opacity=\"1\" data-original=\"#000000\"><\/path><\/g><\/svg>\n                            <\/a>\n                        <\/div>\n                        \n                    <\/div>\n                <\/div>\n                                    <div class=\"pxl-grid-item col-xl-4 col-lg-4 col-md-6 col-sm-6 col-12 erweiterung\">\n                    <div class=\"pxl-post--inner \" data-wow-duration=\"1.2s\">\n                        <div class=\"pxl-post--featured hover-imge-effect3\"><img loading=\"lazy\" decoding=\"async\" class=\"no-lazyload \" src=\"https:\/\/new-tek.ch\/wp-content\/uploads\/2024\/06\/pexels-karolina-grabowska-7876786-scaled-410x509.jpg\" width=\"410\" height=\"509\" alt=\"pexels-karolina-grabowska-7876786\" title=\"pexels-karolina-grabowska-7876786\" \/><\/div>\n                        <div class=\"pxl-post--holder\">\n                                                            <div class=\"pxl-post--category\">\n                                    <a href=\"https:\/\/new-tek.ch\/de\/portfolio\/erweiterung\/\" rel=\"tag\">Erweiterung<\/a>                                <\/div>\n                                                        <h5 class=\"pxl-post--title\">\n                                <a href=\"https:\/\/new-tek.ch\/de\/portfolio\/entwicklung-eines-businessplans-zur-uebernahme-eines-hotelbetriebs\/\">   \n                                    Erstellung eines Businessplans f\u00fcr die Erlangung einer Hotelanlage                                <\/a>\n                            <\/h5>\n                                                            <div class=\"pxl-post--content\">\n                                                                            Unser Kunde, ein lokales KMU, m\u00f6chte ein Hotel f\u00fchren. Dazu musste er der Gemeinde einen&hellip;                                                                    <\/div>\n                                                        <a class=\"btn--readmore\" href=\"https:\/\/new-tek.ch\/de\/portfolio\/entwicklung-eines-businessplans-zur-uebernahme-eines-hotelbetriebs\/\">\n                                <span class=\"btn--text\">\n                                    Mehr lesen                                <\/span>\n                                <svg xmlns=\"http:\/\/www.w3.org\/2000\/svg\" xmlns:xlink=\"http:\/\/www.w3.org\/1999\/xlink\" width=\"32\" x=\"0\" y=\"0\" viewBox=\"0 0 1560 1560\" style=\"enable-background:new 0 0 512 512\" xml:space=\"preserve\" class=\"\"><g transform=\"matrix(1,0,0,1,4.999999999999545,4.547473508864641e-13)\"><path d=\"M1524 811.8H36c-17.7 0-32-14.3-32-32s14.3-32 32-32h1410.7l-194.2-194.2c-12.5-12.5-12.5-32.8 0-45.3s32.8-12.5 45.3 0l248.9 248.9c9.2 9.2 11.9 22.9 6.9 34.9-5 11.9-16.7 19.7-29.6 19.7z\" fill=\"#0a1119\" opacity=\"1\" data-original=\"#000000\"><\/path><path d=\"M1274.8 1061c-8.2 0-16.4-3.1-22.6-9.4-12.5-12.5-12.5-32.8 0-45.3l249.2-249.2c12.5-12.5 32.8-12.5 45.3 0s12.5 32.8 0 45.3l-249.2 249.2c-6.3 6.3-14.5 9.4-22.7 9.4z\" fill=\"#0a1119\" opacity=\"1\" data-original=\"#000000\"><\/path><\/g><\/svg>\n                            <\/a>\n                        <\/div>\n                        \n                    <\/div>\n                <\/div>\n                                    <div class=\"pxl-grid-item col-xl-4 col-lg-4 col-md-6 col-sm-6 col-12 e-commerce-de\">\n                    <div class=\"pxl-post--inner \" data-wow-duration=\"1.2s\">\n                        <div class=\"pxl-post--featured hover-imge-effect3\"><img loading=\"lazy\" decoding=\"async\" class=\"no-lazyload \" src=\"https:\/\/new-tek.ch\/wp-content\/uploads\/2024\/06\/pexels-edgar-okioga-221433-2646521-scaled-410x509.jpg\" width=\"410\" height=\"509\" alt=\"pexels-edgar-okioga-221433-2646521\" title=\"pexels-edgar-okioga-221433-2646521\" \/><\/div>\n                        <div class=\"pxl-post--holder\">\n                                                            <div class=\"pxl-post--category\">\n                                    <a href=\"https:\/\/new-tek.ch\/de\/portfolio\/e-commerce-de\/\" rel=\"tag\">E-commerce<\/a>                                <\/div>\n                                                        <h5 class=\"pxl-post--title\">\n                                <a href=\"https:\/\/new-tek.ch\/de\/portfolio\/entwicklung-und-einfuehrung-einer-e-commerce-site-fuer-reisezubehoer\/\">   \n                                    Entwicklung und Einf\u00fchrung einer E-Commerce-Website f\u00fcr Reisezubeh\u00f6re                                <\/a>\n                            <\/h5>\n                                                            <div class=\"pxl-post--content\">\n                                                                            Unser Kunde wollte eine E-Commerce-Plattform, die sich auf Reisezubeh\u00f6re spezialisiert hat, mit einem...                                                                    <\/div>\n                                                        <a class=\"btn--readmore\" href=\"https:\/\/new-tek.ch\/de\/portfolio\/entwicklung-und-einfuehrung-einer-e-commerce-site-fuer-reisezubehoer\/\">\n                                <span class=\"btn--text\">\n                                    Mehr lesen                                <\/span>\n                                <svg xmlns=\"http:\/\/www.w3.org\/2000\/svg\" xmlns:xlink=\"http:\/\/www.w3.org\/1999\/xlink\" width=\"32\" x=\"0\" y=\"0\" viewBox=\"0 0 1560 1560\" style=\"enable-background:new 0 0 512 512\" xml:space=\"preserve\" class=\"\"><g transform=\"matrix(1,0,0,1,4.999999999999545,4.547473508864641e-13)\"><path d=\"M1524 811.8H36c-17.7 0-32-14.3-32-32s14.3-32 32-32h1410.7l-194.2-194.2c-12.5-12.5-12.5-32.8 0-45.3s32.8-12.5 45.3 0l248.9 248.9c9.2 9.2 11.9 22.9 6.9 34.9-5 11.9-16.7 19.7-29.6 19.7z\" fill=\"#0a1119\" opacity=\"1\" data-original=\"#000000\"><\/path><path d=\"M1274.8 1061c-8.2 0-16.4-3.1-22.6-9.4-12.5-12.5-12.5-32.8 0-45.3l249.2-249.2c12.5-12.5 32.8-12.5 45.3 0s12.5 32.8 0 45.3l-249.2 249.2c-6.3 6.3-14.5 9.4-22.7 9.4z\" fill=\"#0a1119\" opacity=\"1\" data-original=\"#000000\"><\/path><\/g><\/svg>\n                            <\/a>\n                        <\/div>\n                        \n                    <\/div>\n                <\/div>\n                        <\/div>\n                <div class=\"pxl-load-more\">\n            <span class=\"btn-grid-loadmore \">\n                <span class=\"pxl-loadmore-text\" data-text=\"Learn More Services\">Load More Projects<\/span>\n                <span class=\"pxl-load-icon\"><\/span>\n            <\/span>\n        <\/div>\n    <\/div>\t\t\t\t<\/div>\n\t\t\t\t<\/div>\n\t\t            <\/div>\r\n        <\/div>\r\n        \t\t\t<\/div>\n\t\t<\/section>\n\t\t\t\t<\/div>\n\t\t","protected":false},"excerpt":{"rendered":"<p>Fallstudien Strategische Projekte, ma\u00dfgeschneiderte L\u00f6sungen und messbare Auswirkungen: Unsere Fallstudien belegen unsere F\u00e4higkeit, jeden Kunden bei seinem Wachstum und seiner Transformation zu unterst\u00fctzen. Erfahren Sie, wie Newtek bei jeder Mission einen Mehrwert schafft. Accueil Alle F\u00e4lle 6 E-commerce 2 Expansion 2 Strat\u00e9gie 2 Strat\u00e9gie D\u00e9veloppement de nouvelles cat\u00e9gories dans le retail Notre client, une grande [&hellip;]<\/p>\n","protected":false},"author":1,"featured_media":0,"parent":0,"menu_order":0,"comment_status":"closed","ping_status":"closed","template":"","meta":{"footnotes":""},"class_list":["post-17685","page","type-page","status-publish","hentry"],"_links":{"self":[{"href":"https:\/\/new-tek.ch\/de\/wp-json\/wp\/v2\/pages\/17685","targetHints":{"allow":["GET"]}}],"collection":[{"href":"https:\/\/new-tek.ch\/de\/wp-json\/wp\/v2\/pages"}],"about":[{"href":"https:\/\/new-tek.ch\/de\/wp-json\/wp\/v2\/types\/page"}],"author":[{"embeddable":true,"href":"https:\/\/new-tek.ch\/de\/wp-json\/wp\/v2\/users\/1"}],"replies":[{"embeddable":true,"href":"https:\/\/new-tek.ch\/de\/wp-json\/wp\/v2\/comments?post=17685"}],"version-history":[{"count":18,"href":"https:\/\/new-tek.ch\/de\/wp-json\/wp\/v2\/pages\/17685\/revisions"}],"predecessor-version":[{"id":19946,"href":"https:\/\/new-tek.ch\/de\/wp-json\/wp\/v2\/pages\/17685\/revisions\/19946"}],"wp:attachment":[{"href":"https:\/\/new-tek.ch\/de\/wp-json\/wp\/v2\/media?parent=17685"}],"curies":[{"name":"wp","href":"https:\/\/api.w.org\/{rel}","templated":true}]}}